{"id":25,"date":"2019-06-27T09:59:27","date_gmt":"2019-06-27T12:59:27","guid":{"rendered":"https:\/\/conpeg.org.br\/?page_id=25"},"modified":"2024-09-26T14:39:54","modified_gmt":"2024-09-26T17:39:54","slug":"o-colegiado","status":"publish","type":"page","link":"https:\/\/conpeg.org.br\/index.php\/o-colegiado\/","title":{"rendered":"O Colegiado"},"content":{"rendered":"\t\t<div data-elementor-type=\"wp-page\" data-elementor-id=\"25\" class=\"elementor elementor-25\" data-elementor-settings=\"[]\">\n\t\t\t\t\t\t<div class=\"elementor-inner\">\n\t\t\t\t\t\t\t<div class=\"elementor-section-wrap\">\n\t\t\t\t\t\t\t<section class=\"elementor-section elementor-top-section elementor-element elementor-element-1d5d7175 elementor-section-boxed elementor-section-height-default elementor-section-height-default\" data-id=\"1d5d7175\" data-element_type=\"section\">\n\t\t\t\t\t\t<div class=\"elementor-container elementor-column-gap-default\">\n\t\t\t\t\t\t\t<div class=\"elementor-row\">\n\t\t\t\t\t<div class=\"elementor-column elementor-col-100 elementor-top-column elementor-element elementor-element-37d69e9e\" data-id=\"37d69e9e\" data-element_type=\"column\">\n\t\t\t<div class=\"elementor-column-wrap elementor-element-populated\">\n\t\t\t\t\t\t\t<div class=\"elementor-widget-wrap\">\n\t\t\t\t\t\t<div class=\"elementor-element elementor-element-73d3a61 elementor-widget elementor-widget-text-editor\" data-id=\"73d3a61\" data-element_type=\"widget\" data-widget_type=\"text-editor.default\">\n\t\t\t\t<div class=\"elementor-widget-container\">\n\t\t\t<style>\/*! elementor - v3.5.5 - 03-02-2022 *\/\n.elementor-widget-text-editor.elementor-drop-cap-view-stacked .elementor-drop-cap{background-color:#818a91;color:#fff}.elementor-widget-text-editor.elementor-drop-cap-view-framed .elementor-drop-cap{color:#818a91;border:3px solid;background-color:transparent}.elementor-widget-text-editor:not(.elementor-drop-cap-view-default) .elementor-drop-cap{margin-top:8px}.elementor-widget-text-editor:not(.elementor-drop-cap-view-default) .elementor-drop-cap-letter{width:1em;height:1em}.elementor-widget-text-editor .elementor-drop-cap{float:left;text-align:center;line-height:1;font-size:50px}.elementor-widget-text-editor .elementor-drop-cap-letter{display:inline-block}<\/style>\t\t\t\t\t<div class=\"elementor-text-editor elementor-clearfix\">\n\t\t\t\t<h2>O Colegiado<\/h2>\n<p><img loading=\"lazy\" src=\"https:\/\/conpeg.org.br\/wp-content\/uploads\/2019\/06\/TJ-1200x800-768x512.jpeg\" sizes=\"(max-width: 768px) 100vw, 768px\" srcset=\"https:\/\/conpeg.org.br\/wp-content\/uploads\/2019\/06\/TJ-1200x800-768x512.jpeg 768w, https:\/\/conpeg.org.br\/wp-content\/uploads\/2019\/06\/TJ-1200x800-300x200.jpeg 300w, https:\/\/conpeg.org.br\/wp-content\/uploads\/2019\/06\/TJ-1200x800-1024x683.jpeg 1024w, https:\/\/conpeg.org.br\/wp-content\/uploads\/2019\/06\/TJ-1200x800.jpeg 1200w\" alt=\"\" width=\"768\" height=\"512\"><\/p>\n<p>Art. 1\u00ba Col\u00e9gio Nacional de Procuradores-Gerais dos Estados e do Distrito Federal&nbsp; \u00e9 uma associa\u00e7\u00e3o civil de direito privado, regida pelo C\u00f3digo Civil, pela legisla\u00e7\u00e3o aplic\u00e1vel e por este Estatuto, sem fins econ\u00f4micos, de dura\u00e7\u00e3o indeterminada, com sede e foro na cidade de Bras\u00edlia, SAM, Bloco I, Ed. Sede, Asa Norte, CEP 70620-000, Distrito Federal, Brasil, onde tem seu foro jur\u00eddico, para desenvolver suas atividades institucionais em todo o territ\u00f3rio nacional.<\/p>\n<p>Par\u00e1grafo \u00fanico. O Col\u00e9gio Nacional de Procuradores-Gerais dos Estados e do Distrito Federal adotar\u00e1, na sua designa\u00e7\u00e3o simplificada, a sigla CNPGEDF.<br><br>Art. 2\u00ba O CNPGEDF, com atua\u00e7\u00e3o em todo o territ\u00f3rio nacional, \u00e9 a entidade que congrega os Estados e o Distrito Federal, e ser\u00e1 por eles constitu\u00edda, por meio das respectivas Procuradorias-Gerais e Advocacias-Gerais dos Estados e do Distrito Federal.<\/p>\n<h2>Membros do Colegiado<\/h2>\n<table width=\"0\">\n<tbody>\n<tr>\n<td width=\"35\"><strong>&nbsp;<\/strong><\/td>\n<td colspan=\"2\" width=\"280\">\n<h4><strong>Nome<\/strong><\/h4>\n<\/td>\n<td width=\"210\">\n<h4><strong>Estado<\/strong><\/h4>\n<\/td>\n<td width=\"400\">\n<h4><strong>Cargo<\/strong><\/h4>\n<\/td>\n<\/tr>\n<tr>\n<td width=\"35\"><strong>01<\/strong><\/td>\n<td colspan=\"2\" width=\"280\">\n<h4><span style=\"font-family: Roboto, sans-serif; font-size: 17px; font-style: normal; font-variant-ligatures: normal; font-variant-caps: normal; font-weight: 600;\">Janete Melo d&#8217;Albuquerque<\/span><\/h4>\n<\/td>\n<td width=\"210\">\n<h4>ACRE<\/h4>\n<\/td>\n<td width=\"400\">\n<h4>PROCURADORA-GERAL DO ACRE<\/h4>\n<\/td>\n<\/tr>\n<tr>\n<td width=\"35\">\n<h4><strong>02<\/strong><\/h4>\n<\/td>\n<td colspan=\"2\" width=\"280\">\n<h4>Samya Suruagy do Amaral Barros Pacheco<\/h4>\n<\/td>\n<td width=\"210\">\n<h4>ALAGOAS<\/h4>\n<\/td>\n<td width=\"400\">\n<h4>PROCURADORA-GERAL DE ALAGOAS<\/h4>\n<\/td>\n<\/tr>\n<tr>\n<td width=\"35\">\n<h4><strong>03<\/strong><\/h4>\n<\/td>\n<td colspan=\"2\" width=\"280\">\n<h4>Thiago Lima Albuquerque<\/h4>\n<\/td>\n<td width=\"210\">\n<h4>AMAPA<\/h4>\n<\/td>\n<td width=\"400\">\n<h4>PROCURADOR-GERAL DO AMAPA<\/h4>\n<\/td>\n<\/tr>\n<tr>\n<td width=\"35\">\n<h4><strong>04<\/strong><\/h4>\n<\/td>\n<td colspan=\"2\" width=\"280\">\n<h4>Giordano Bruno Costa da Cruz<\/h4>\n<\/td>\n<td width=\"210\">\n<h4>AMAZONAS<\/h4>\n<\/td>\n<td width=\"400\">\n<h4>PROCURADOR-GERAL DO AMAZONAS<\/h4>\n<\/td>\n<\/tr>\n<tr>\n<td width=\"35\">\n<h4><strong>05<\/strong><\/h4>\n<\/td>\n<td colspan=\"2\" width=\"280\">\n<h4>B\u00e1rbara Camardelli Loi<\/h4>\n<\/td>\n<td width=\"210\">\n<h4>BAHIA<\/h4>\n<\/td>\n<td width=\"400\">\n<h4>PROCURADORA-GERAL DA BAHIA<\/h4>\n<\/td>\n<\/tr>\n<tr>\n<td width=\"35\">\n<h4><strong>06<\/strong><\/h4>\n<\/td>\n<td colspan=\"2\" width=\"280\">\n<h4>Rafael Machado Moraes<\/h4>\n<\/td>\n<td width=\"210\">\n<h4>CEAR\u00c1<\/h4>\n<\/td>\n<td width=\"400\">\n<h4>PROCURADOR-GERAL DO CEAR\u00c1<\/h4>\n<\/td>\n<\/tr>\n<tr>\n<td width=\"35\">\n<h4><strong>07<\/strong><\/h4>\n<\/td>\n<td colspan=\"2\" width=\"280\">\n<h4>Ludmila Lavocat Galv\u00e3o<\/h4>\n<\/td>\n<td width=\"210\">\n<h4>DISTRITO FEDERAL<\/h4>\n<\/td>\n<td width=\"400\">\n<h4>PROCURADORA-GERAL DO DISTRITO FEDERAL<\/h4>\n<\/td>\n<\/tr>\n<tr>\n<td width=\"35\">\n<h4><strong>08<\/strong><\/h4>\n<\/td>\n<td colspan=\"2\" width=\"280\">\n<h4>Iuri Carlyle do Amaral Almeida Madruga<\/h4>\n<\/td>\n<td width=\"210\">\n<h4>ESPIRITO SANTO<\/h4>\n<\/td>\n<td width=\"400\">\n<h4>PROCURADOR-GERAL DO ESPIRITO SANTO<\/h4>\n<\/td>\n<\/tr>\n<tr>\n<td width=\"35\">\n<h4><strong>09<\/strong><\/h4>\n<\/td>\n<td colspan=\"2\" width=\"280\">\n<h4>Rafael Arruda de Oliveira<\/h4>\n<\/td>\n<td width=\"210\">\n<h4>GOIAS<\/h4>\n<\/td>\n<td width=\"400\">\n<h4>PROCURADOR-GERAL DE GOIAS<\/h4>\n<\/td>\n<\/tr>\n<tr>\n<td width=\"35\">\n<h4><strong>10<\/strong><\/h4>\n<\/td>\n<td colspan=\"2\" width=\"280\">\n<h4>Valdenio Nogueira Caminha<\/h4>\n<\/td>\n<td width=\"210\">\n<h4>MARANH\u00c3O<\/h4>\n<\/td>\n<td width=\"400\">\n<h4>PROCURADOR-GERAL DO MARANH\u00c3O<\/h4>\n<\/td>\n<\/tr>\n<tr>\n<td width=\"35\">\n<h4><strong>11<\/strong><\/h4>\n<\/td>\n<td colspan=\"2\" width=\"280\">\n<h4>Francisco de Assis da Silva Lopes<\/h4>\n<\/td>\n<td width=\"210\">\n<h4>MATO GROSSO<\/h4>\n<\/td>\n<td width=\"400\">\n<h4>PROCURADOR-GERAL DO MATO GROSSO<\/h4>\n<\/td>\n<\/tr>\n<tr>\n<td width=\"35\">\n<h4><strong>12<\/strong><\/h4>\n<\/td>\n<td colspan=\"2\" width=\"280\">\n<h4>Ana Carolina Ali Garcia<\/h4>\n<\/td>\n<td width=\"210\">\n<h4>MATO GROSSO DO SUL<\/h4>\n<\/td>\n<td width=\"400\">\n<h4>PROCURADORA-GERAL DO MATO GROSSO DO SUL<\/h4>\n<\/td>\n<\/tr>\n<tr>\n<td width=\"35\">\n<h4><strong>13<\/strong><\/h4>\n<\/td>\n<td colspan=\"2\" width=\"280\">\n<h4>Sergio Pessoa de Paula Castro<\/h4>\n<\/td>\n<td width=\"210\">\n<h4>MINAS GERAIS<\/h4>\n<\/td>\n<td width=\"400\">\n<h4>PROCURADOR-GERAL DE MINAS GERAIS<\/h4>\n<\/td>\n<\/tr>\n<tr>\n<td width=\"35\">\n<h4><strong>14<\/strong><\/h4>\n<\/td>\n<td colspan=\"2\" width=\"280\">\n<h4>Ricardo Nasser Sefer<\/h4>\n<\/td>\n<td width=\"210\">\n<h4>PAR\u00c1<\/h4>\n<\/td>\n<td width=\"400\">\n<h4>PROCURADOR-GERAL DO PAR\u00c1<\/h4>\n<\/td>\n<\/tr>\n<tr>\n<td width=\"35\">\n<h4><strong>15<\/strong><\/h4>\n<\/td>\n<td colspan=\"2\" width=\"280\">\n<h4>Fabio Brito<\/h4>\n<\/td>\n<td width=\"210\">\n<h4>PARA\u00cdBA<\/h4>\n<\/td>\n<td width=\"400\">\n<h4>PROCURADOR-GERAL DA PARA\u00cdBA<\/h4>\n<\/td>\n<\/tr>\n<tr>\n<td width=\"35\">\n<h4><strong>16<\/strong><\/h4>\n<\/td>\n<td colspan=\"2\" width=\"280\">\n<h4>Luciano Borges dos Santos<\/h4>\n<\/td>\n<td width=\"210\">\n<h4>PARAN\u00c1<\/h4>\n<\/td>\n<td width=\"400\">\n<h4>PROCURADOR-GERAL DO PARAN\u00c1<\/h4>\n<\/td>\n<\/tr>\n<tr>\n<td width=\"35\">\n<h4><strong>17<\/strong><\/h4>\n<\/td>\n<td colspan=\"2\" width=\"280\">\n<h4>Bianca Ferreira Teixeira<\/h4>\n<\/td>\n<td width=\"210\">\n<h4>PERNAMBUCO<\/h4>\n<\/td>\n<td width=\"400\">\n<h4>PROCURADOR-GERAL DE PERNAMBUCO<\/h4>\n<\/td>\n<\/tr>\n<tr>\n<td width=\"35\">\n<h4><strong>18<\/strong><\/h4>\n<\/td>\n<td colspan=\"2\" width=\"280\">\n<h4>Francisco Gomes Pierot J\u00fanior<\/h4>\n<\/td>\n<td width=\"210\">\n<h4>PIAU\u00cd<\/h4>\n<\/td>\n<td width=\"400\">\n<h4>PROCURADOR-GERAL DO PIAU\u00cd<\/h4>\n<\/td>\n<\/tr>\n<tr>\n<td width=\"35\">\n<h4><strong>19<\/strong><\/h4>\n<\/td>\n<td colspan=\"2\" width=\"280\">\n<h4>Renan Miguel Saad<\/h4>\n<\/td>\n<td width=\"210\">\n<h4>RIO DE JANEIRO<\/h4>\n<\/td>\n<td width=\"400\">\n<h4>PROCURADOR-GERAL DO RIO DE JANEIRO<\/h4>\n<\/td>\n<\/tr>\n<tr>\n<td width=\"35\">\n<h4><strong>20<\/strong><\/h4>\n<\/td>\n<td colspan=\"2\" width=\"280\">\n<h4>Antenor Roberto Soares de Medeiros&nbsp;<\/h4>\n<\/td>\n<td width=\"210\">\n<h4>RIO GRANDE NORTE<\/h4>\n<\/td>\n<td width=\"400\">\n<h4>PROCURADOR-GERAL DO RIO GRANDE NORTE<\/h4>\n<\/td>\n<\/tr>\n<tr>\n<td width=\"35\">\n<h4>21<\/h4>\n<\/td>\n<td colspan=\"2\" width=\"280\">\n<h4>Eduardo Cunha da Costa<\/h4>\n<\/td>\n<td width=\"210\">\n<h4>RIO GRANDE DO SUL<\/h4>\n<\/td>\n<td width=\"400\">\n<h4>PROCURADOR-GERAL DO RIO GRANDE DO SUL<\/h4>\n<\/td>\n<\/tr>\n<tr>\n<td width=\"35\">\n<h4><strong>22<\/strong><\/h4>\n<\/td>\n<td colspan=\"2\" width=\"280\">\n<h4>Tiago Alencar<\/h4>\n<\/td>\n<td width=\"210\">\n<h4>ROND\u00d4NIA<\/h4>\n<\/td>\n<td width=\"400\">\n<h4>PROCURADOR-GERAL DE ROND\u00d4NIA<\/h4>\n<\/td>\n<\/tr>\n<tr>\n<td width=\"35\">\n<h4><strong>23<\/strong><\/h4>\n<\/td>\n<td colspan=\"2\" width=\"280\">\n<h4>Tyrone Mour\u00e3o Pereira<\/h4>\n<\/td>\n<td width=\"210\">\n<h4>RORAIMA<\/h4>\n<\/td>\n<td width=\"400\">\n<h4>PROCURADOR-GERAL DE RORAIMA<\/h4>\n<\/td>\n<\/tr>\n<tr>\n<td width=\"35\">\n<h4><strong>24<\/strong><\/h4>\n<\/td>\n<td colspan=\"2\" width=\"280\">\n<h4>M\u00e1rcio Luiz Foga\u00e7a Vicari<\/h4>\n<\/td>\n<td width=\"210\">\n<h4>SANTA CATARINA<\/h4>\n<\/td>\n<td width=\"400\">\n<h4>PROCURADORA-GERAL DE SANTA CATARINA<\/h4>\n<\/td>\n<\/tr>\n<tr>\n<td width=\"35\">\n<h4><strong>25<\/strong><\/h4>\n<\/td>\n<td colspan=\"2\" width=\"280\">\n<h4><b>In\u00eas Maria dos Santos Coimbra<\/b><\/h4>\n<\/td>\n<td width=\"210\">\n<h4><b>S\u00c3O PAULO<\/b><\/h4>\n<\/td>\n<td width=\"400\">\n<h4><b>PROCURADORA-GERAL DE S\u00c3O PAULO e PRESIDENTE DO CONPEG<\/b><\/h4>\n<\/td>\n<\/tr>\n<tr>\n<td width=\"35\">\n<h4><strong>26<\/strong><\/h4>\n<\/td>\n<td colspan=\"2\" width=\"280\">\n<h4>Carlos Pinna de Assis J\u00fanior<\/h4>\n<\/td>\n<td width=\"210\">\n<h4>SERGIPE<\/h4>\n<\/td>\n<td width=\"400\">\n<h4>PROCURADOR-GERAL DE SERGIPE<\/h4>\n<\/td>\n<\/tr>\n<tr>\n<td width=\"35\">\n<h4><strong>27<\/strong><\/h4>\n<\/td>\n<td colspan=\"2\" width=\"280\">\n<h4>Irana de Souza Coelho Aguiar<\/h4>\n<\/td>\n<td width=\"210\">\n<h4>TOCANTINS<\/h4>\n<\/td>\n<td width=\"400\">\n<h4>PROCURADOR-GERAL DE TOCANTINS<\/h4>\n<\/td>\n<\/tr>\n<\/tbody>\n<\/table>\n<h2>C\u00c2MARA T\u00c9CNICA<\/h2>\n<table width=\"0\">\n<tbody>\n<tr>\n<td width=\"33\"><strong>01<\/strong><\/td>\n<td width=\"185\">Viviane Ruffeil Teixeira<\/td>\n<td width=\"113\">C\u00c2MARA T\u00c9CNICA<\/td>\n<td width=\"359\">PRES.&nbsp; CAMARA<\/td>\n<\/tr>\n<tr>\n<td width=\"33\"><strong>02<\/strong><\/td>\n<td width=\"185\">M\u00e1rcia Franco<\/td>\n<td width=\"113\">C\u00c2MARA T\u00c9CNICA<\/td>\n<td width=\"359\"><\/td>\n<\/tr>\n<tr>\n<td width=\"33\"><strong>03<\/strong><\/td>\n<td width=\"185\">Andr\u00e9 Lu\u00eds Santos Meira<\/td>\n<td width=\"113\">C\u00c2MARA T\u00c9CNICA<\/td>\n<td width=\"359\"><\/td>\n<\/tr>\n<\/tbody>\n<\/table>\n<h2>SECRET\u00c1RIO CONPEG<\/h2>\n<table style=\"height: 59px;\" width=\"620\">\n<tbody>\n<tr>\n<td width=\"33\"><strong>01<\/strong><\/td>\n<td width=\"185\">Bruno Tom\u00e9 Fonseca<\/td>\n<td width=\"113\">SECRET\u00c1RIO CONPEG<\/td>\n<td width=\"359\"><\/td>\n<\/tr>\n<\/tbody>\n<\/table>\n<h2>CONSELHO CONSULTIVO<\/h2>\n<table>\n<tbody>\n<tr>\n<td>01<\/td>\n<td>Paola Aires Correa Lima<\/td>\n<td>DISTRITO FEDERAL<\/td>\n<\/tr>\n<tr>\n<td>02<\/td>\n<td>Lucia Lea Guimaraes Tavares<\/td>\n<td>RIO DE JANEIRO<\/td>\n<\/tr>\n<tr>\n<td>03<\/td>\n<td>Francisco Wilkie Rebou\u00e7as Chagas<\/td>\n<td>RIO GRANDE NORTE<\/td>\n<\/tr>\n<tr>\n<td>04<\/td>\n<td>Onofre Alves Batista Junior<\/td>\n<td>MINAS GERAIS<\/td>\n<\/tr>\n<tr>\n<td>05<\/td>\n<td>Ophir Cavalcante Junior<\/td>\n<td>PAR\u00c1<\/td>\n<\/tr>\n<tr>\n<td>06<\/td>\n<td>Antonio C\u00e9sar Ca\u00fala Reis<\/td>\n<td>PERNAMBUCO<\/td>\n<\/tr>\n<tr>\n<td>07<\/td>\n<td>Euz\u00e9bio Fernando Ruschel<\/td>\n<td>RIO GRANDE DO SUL<\/td>\n<\/tr>\n<tr>\n<td>08<\/td>\n<td>Jos\u00e9 Aluysio Campos<\/td>\n<td>PAR\u00c1<\/td>\n<\/tr>\n<tr>\n<td>09<\/td>\n<td>Elival da Silva Ramos<\/td>\n<td>S\u00c3O PAULO<\/td>\n<\/tr>\n<tr>\n<td><\/td>\n<td><\/td>\n<td><\/td>\n<\/tr>\n<\/tbody>\n<\/table>\n<p><a role=\"button\" href=\"https:\/\/conpeg.org.br\/index.php\/historico-de-presidentes\/\"><br>Hist\u00f3rico de PresidentesA<br><\/a><\/p>\t\t\t\t\t<\/div>\n\t\t\t\t\t\t<\/div>\n\t\t\t\t<\/div>\n\t\t\t\t\t\t<\/div>\n\t\t\t\t\t<\/div>\n\t\t<\/div>\n\t\t\t\t\t\t\t\t<\/div>\n\t\t\t\t\t<\/div>\n\t\t<\/section>\n\t\t\t\t\t\t<\/div>\n\t\t\t\t\t\t<\/div>\n\t\t\t\t\t<\/div>\n\t\t","protected":false},"excerpt":{"rendered":"<p>O Colegiado Art. 1\u00ba Col\u00e9gio Nacional de Procuradores-Gerais dos Estados e do Distrito Federal&nbsp; \u00e9 uma associa\u00e7\u00e3o civil de direito privado, regida pelo C\u00f3digo Civil, pela legisla\u00e7\u00e3o aplic\u00e1vel e por este Estatuto, sem fins econ\u00f4micos, de dura\u00e7\u00e3o indeterminada, com sede e foro na cidade de Bras\u00edlia, SAM, Bloco I, Ed. Sede, Asa Norte, CEP 70620-000, [&hellip;]<\/p>\n","protected":false},"author":1,"featured_media":0,"parent":0,"menu_order":0,"comment_status":"closed","ping_status":"closed","template":"","meta":[],"yoast_head":"<!-- This site is optimized with the Yoast SEO plugin v18.4.1 - https:\/\/yoast.com\/wordpress\/plugins\/seo\/ -->\n<title>O Colegiado - Conpeg<\/title>\n<meta name=\"description\" content=\"O Col\u00e9gio Nacional de Procuradores-Gerais dos Estados e do Distrito Federal \u00e9 uma associa\u00e7\u00e3o civil de direito privado, regida pelo C\u00f3digo Civil, pela legisla\u00e7\u00e3o aplic\u00e1vel e por este Estatuto, sem fins econ\u00f4micos, de dura\u00e7\u00e3o indeterminada, com sede e foro na cidade de Bras\u00edlia\" \/>\n<meta name=\"robots\" content=\"index, follow, max-snippet:-1, max-image-preview:large, max-video-preview:-1\" \/>\n<link rel=\"canonical\" href=\"https:\/\/conpeg.org.br\/index.php\/o-colegiado\/\" \/>\n<meta property=\"og:locale\" content=\"pt_BR\" \/>\n<meta property=\"og:type\" content=\"article\" \/>\n<meta property=\"og:title\" content=\"O Colegiado - Conpeg\" \/>\n<meta property=\"og:description\" content=\"O Col\u00e9gio Nacional de Procuradores-Gerais dos Estados e do Distrito Federal \u00e9 uma associa\u00e7\u00e3o civil de direito privado, regida pelo C\u00f3digo Civil, pela legisla\u00e7\u00e3o aplic\u00e1vel e por este Estatuto, sem fins econ\u00f4micos, de dura\u00e7\u00e3o indeterminada, com sede e foro na cidade de Bras\u00edlia\" \/>\n<meta property=\"og:url\" content=\"https:\/\/conpeg.org.br\/index.php\/o-colegiado\/\" \/>\n<meta property=\"og:site_name\" content=\"Conpeg\" \/>\n<meta property=\"article:publisher\" content=\"https:\/\/www.facebook.com\/conpegbr\" \/>\n<meta property=\"article:modified_time\" content=\"2024-09-26T17:39:54+00:00\" \/>\n<meta property=\"og:image\" content=\"https:\/\/conpeg.org.br\/wp-content\/uploads\/2019\/06\/TJ-1200x800-768x512.jpeg\" \/>\n<meta name=\"twitter:card\" content=\"summary_large_image\" \/>\n<meta name=\"twitter:site\" content=\"@conpegbr\" \/>\n<meta name=\"twitter:label1\" content=\"Est. tempo de leitura\" \/>\n\t<meta name=\"twitter:data1\" content=\"4 minutos\" \/>\n<script type=\"application\/ld+json\" class=\"yoast-schema-graph\">{\"@context\":\"https:\/\/schema.org\",\"@graph\":[{\"@type\":\"Organization\",\"@id\":\"https:\/\/conpeg.org.br\/#organization\",\"name\":\"Col\u00e9gio Nacional de Procuradores Gerais dos Estados e do Distrito Federal - Conpeg\",\"url\":\"https:\/\/conpeg.org.br\/\",\"sameAs\":[\"https:\/\/www.facebook.com\/conpegbr\",\"https:\/\/instagram.com\/conpegbr\",\"https:\/\/twitter.com\/conpegbr\"],\"logo\":{\"@type\":\"ImageObject\",\"@id\":\"https:\/\/conpeg.org.br\/#logo\",\"inLanguage\":\"pt-BR\",\"url\":\"https:\/\/conpeg.org.br\/wp-content\/uploads\/2023\/05\/Logo-com-Lettering-e1684271444575.png\",\"contentUrl\":\"https:\/\/conpeg.org.br\/wp-content\/uploads\/2023\/05\/Logo-com-Lettering-e1684271444575.png\",\"width\":8334,\"height\":2541,\"caption\":\"Col\u00e9gio Nacional de Procuradores Gerais dos Estados e do Distrito Federal - Conpeg\"},\"image\":{\"@id\":\"https:\/\/conpeg.org.br\/#logo\"}},{\"@type\":\"WebSite\",\"@id\":\"https:\/\/conpeg.org.br\/#website\",\"url\":\"https:\/\/conpeg.org.br\/\",\"name\":\"Conpeg\",\"description\":\"Col\u00e9gio Nacional de Procuradores-Gerais dos Estados e do Distrito Federal\",\"publisher\":{\"@id\":\"https:\/\/conpeg.org.br\/#organization\"},\"potentialAction\":[{\"@type\":\"SearchAction\",\"target\":{\"@type\":\"EntryPoint\",\"urlTemplate\":\"https:\/\/conpeg.org.br\/?s={search_term_string}\"},\"query-input\":\"required name=search_term_string\"}],\"inLanguage\":\"pt-BR\"},{\"@type\":\"ImageObject\",\"@id\":\"https:\/\/conpeg.org.br\/index.php\/o-colegiado\/#primaryimage\",\"inLanguage\":\"pt-BR\",\"url\":\"https:\/\/conpeg.org.br\/wp-content\/uploads\/2019\/06\/TJ-1200x800.jpeg\",\"contentUrl\":\"https:\/\/conpeg.org.br\/wp-content\/uploads\/2019\/06\/TJ-1200x800.jpeg\",\"width\":1200,\"height\":800,\"caption\":\"O Col\u00e9gio Nacional dos Procuradores-Gerais dos Estados e do Distrito Federal (CONPEG), visitou nessa segunda-feira, 11 de fevereiro de 2019, o Ministro do Superior Tribunal de Justi\u00e7a (STJ), Jo\u00e3o Ot\u00e1vio de Noronha.\"},{\"@type\":\"WebPage\",\"@id\":\"https:\/\/conpeg.org.br\/index.php\/o-colegiado\/#webpage\",\"url\":\"https:\/\/conpeg.org.br\/index.php\/o-colegiado\/\",\"name\":\"O Colegiado - Conpeg\",\"isPartOf\":{\"@id\":\"https:\/\/conpeg.org.br\/#website\"},\"primaryImageOfPage\":{\"@id\":\"https:\/\/conpeg.org.br\/index.php\/o-colegiado\/#primaryimage\"},\"datePublished\":\"2019-06-27T12:59:27+00:00\",\"dateModified\":\"2024-09-26T17:39:54+00:00\",\"description\":\"O Col\u00e9gio Nacional de Procuradores-Gerais dos Estados e do Distrito Federal \u00e9 uma associa\u00e7\u00e3o civil de direito privado, regida pelo C\u00f3digo Civil, pela legisla\u00e7\u00e3o aplic\u00e1vel e por este Estatuto, sem fins econ\u00f4micos, de dura\u00e7\u00e3o indeterminada, com sede e foro na cidade de Bras\u00edlia\",\"breadcrumb\":{\"@id\":\"https:\/\/conpeg.org.br\/index.php\/o-colegiado\/#breadcrumb\"},\"inLanguage\":\"pt-BR\",\"potentialAction\":[{\"@type\":\"ReadAction\",\"target\":[\"https:\/\/conpeg.org.br\/index.php\/o-colegiado\/\"]}]},{\"@type\":\"BreadcrumbList\",\"@id\":\"https:\/\/conpeg.org.br\/index.php\/o-colegiado\/#breadcrumb\",\"itemListElement\":[{\"@type\":\"ListItem\",\"position\":1,\"name\":\"In\u00edcio\",\"item\":\"https:\/\/conpeg.org.br\/\"},{\"@type\":\"ListItem\",\"position\":2,\"name\":\"O Colegiado\"}]}]}<\/script>\n<!-- \/ Yoast SEO plugin. -->","yoast_head_json":{"title":"O Colegiado - Conpeg","description":"O Col\u00e9gio Nacional de Procuradores-Gerais dos Estados e do Distrito Federal \u00e9 uma associa\u00e7\u00e3o civil de direito privado, regida pelo C\u00f3digo Civil, pela legisla\u00e7\u00e3o aplic\u00e1vel e por este Estatuto, sem fins econ\u00f4micos, de dura\u00e7\u00e3o indeterminada, com sede e foro na cidade de Bras\u00edlia","robots":{"index":"index","follow":"follow","max-snippet":"max-snippet:-1","max-image-preview":"max-image-preview:large","max-video-preview":"max-video-preview:-1"},"canonical":"https:\/\/conpeg.org.br\/index.php\/o-colegiado\/","og_locale":"pt_BR","og_type":"article","og_title":"O Colegiado - Conpeg","og_description":"O Col\u00e9gio Nacional de Procuradores-Gerais dos Estados e do Distrito Federal \u00e9 uma associa\u00e7\u00e3o civil de direito privado, regida pelo C\u00f3digo Civil, pela legisla\u00e7\u00e3o aplic\u00e1vel e por este Estatuto, sem fins econ\u00f4micos, de dura\u00e7\u00e3o indeterminada, com sede e foro na cidade de Bras\u00edlia","og_url":"https:\/\/conpeg.org.br\/index.php\/o-colegiado\/","og_site_name":"Conpeg","article_publisher":"https:\/\/www.facebook.com\/conpegbr","article_modified_time":"2024-09-26T17:39:54+00:00","og_image":[{"url":"https:\/\/conpeg.org.br\/wp-content\/uploads\/2019\/06\/TJ-1200x800-768x512.jpeg"}],"twitter_card":"summary_large_image","twitter_site":"@conpegbr","twitter_misc":{"Est. tempo de leitura":"4 minutos"},"schema":{"@context":"https:\/\/schema.org","@graph":[{"@type":"Organization","@id":"https:\/\/conpeg.org.br\/#organization","name":"Col\u00e9gio Nacional de Procuradores Gerais dos Estados e do Distrito Federal - Conpeg","url":"https:\/\/conpeg.org.br\/","sameAs":["https:\/\/www.facebook.com\/conpegbr","https:\/\/instagram.com\/conpegbr","https:\/\/twitter.com\/conpegbr"],"logo":{"@type":"ImageObject","@id":"https:\/\/conpeg.org.br\/#logo","inLanguage":"pt-BR","url":"https:\/\/conpeg.org.br\/wp-content\/uploads\/2023\/05\/Logo-com-Lettering-e1684271444575.png","contentUrl":"https:\/\/conpeg.org.br\/wp-content\/uploads\/2023\/05\/Logo-com-Lettering-e1684271444575.png","width":8334,"height":2541,"caption":"Col\u00e9gio Nacional de Procuradores Gerais dos Estados e do Distrito Federal - Conpeg"},"image":{"@id":"https:\/\/conpeg.org.br\/#logo"}},{"@type":"WebSite","@id":"https:\/\/conpeg.org.br\/#website","url":"https:\/\/conpeg.org.br\/","name":"Conpeg","description":"Col\u00e9gio Nacional de Procuradores-Gerais dos Estados e do Distrito Federal","publisher":{"@id":"https:\/\/conpeg.org.br\/#organization"},"potentialAction":[{"@type":"SearchAction","target":{"@type":"EntryPoint","urlTemplate":"https:\/\/conpeg.org.br\/?s={search_term_string}"},"query-input":"required name=search_term_string"}],"inLanguage":"pt-BR"},{"@type":"ImageObject","@id":"https:\/\/conpeg.org.br\/index.php\/o-colegiado\/#primaryimage","inLanguage":"pt-BR","url":"https:\/\/conpeg.org.br\/wp-content\/uploads\/2019\/06\/TJ-1200x800.jpeg","contentUrl":"https:\/\/conpeg.org.br\/wp-content\/uploads\/2019\/06\/TJ-1200x800.jpeg","width":1200,"height":800,"caption":"O Col\u00e9gio Nacional dos Procuradores-Gerais dos Estados e do Distrito Federal (CONPEG), visitou nessa segunda-feira, 11 de fevereiro de 2019, o Ministro do Superior Tribunal de Justi\u00e7a (STJ), Jo\u00e3o Ot\u00e1vio de Noronha."},{"@type":"WebPage","@id":"https:\/\/conpeg.org.br\/index.php\/o-colegiado\/#webpage","url":"https:\/\/conpeg.org.br\/index.php\/o-colegiado\/","name":"O Colegiado - Conpeg","isPartOf":{"@id":"https:\/\/conpeg.org.br\/#website"},"primaryImageOfPage":{"@id":"https:\/\/conpeg.org.br\/index.php\/o-colegiado\/#primaryimage"},"datePublished":"2019-06-27T12:59:27+00:00","dateModified":"2024-09-26T17:39:54+00:00","description":"O Col\u00e9gio Nacional de Procuradores-Gerais dos Estados e do Distrito Federal \u00e9 uma associa\u00e7\u00e3o civil de direito privado, regida pelo C\u00f3digo Civil, pela legisla\u00e7\u00e3o aplic\u00e1vel e por este Estatuto, sem fins econ\u00f4micos, de dura\u00e7\u00e3o indeterminada, com sede e foro na cidade de Bras\u00edlia","breadcrumb":{"@id":"https:\/\/conpeg.org.br\/index.php\/o-colegiado\/#breadcrumb"},"inLanguage":"pt-BR","potentialAction":[{"@type":"ReadAction","target":["https:\/\/conpeg.org.br\/index.php\/o-colegiado\/"]}]},{"@type":"BreadcrumbList","@id":"https:\/\/conpeg.org.br\/index.php\/o-colegiado\/#breadcrumb","itemListElement":[{"@type":"ListItem","position":1,"name":"In\u00edcio","item":"https:\/\/conpeg.org.br\/"},{"@type":"ListItem","position":2,"name":"O Colegiado"}]}]}},"_links":{"self":[{"href":"https:\/\/conpeg.org.br\/index.php\/wp-json\/wp\/v2\/pages\/25"}],"collection":[{"href":"https:\/\/conpeg.org.br\/index.php\/wp-json\/wp\/v2\/pages"}],"about":[{"href":"https:\/\/conpeg.org.br\/index.php\/wp-json\/wp\/v2\/types\/page"}],"author":[{"embeddable":true,"href":"https:\/\/conpeg.org.br\/index.php\/wp-json\/wp\/v2\/users\/1"}],"replies":[{"embeddable":true,"href":"https:\/\/conpeg.org.br\/index.php\/wp-json\/wp\/v2\/comments?post=25"}],"version-history":[{"count":92,"href":"https:\/\/conpeg.org.br\/index.php\/wp-json\/wp\/v2\/pages\/25\/revisions"}],"predecessor-version":[{"id":1628,"href":"https:\/\/conpeg.org.br\/index.php\/wp-json\/wp\/v2\/pages\/25\/revisions\/1628"}],"wp:attachment":[{"href":"https:\/\/conpeg.org.br\/index.php\/wp-json\/wp\/v2\/media?parent=25"}],"curies":[{"name":"wp","href":"https:\/\/api.w.org\/{rel}","templated":true}]}}